{"id":66,"date":"2016-01-27T22:55:42","date_gmt":"2016-01-27T22:55:42","guid":{"rendered":"http:\/\/elektryk-reda.pl\/?page_id=66"},"modified":"2023-07-10T21:07:12","modified_gmt":"2023-07-10T21:07:12","slug":"nasi-klienci","status":"publish","type":"page","link":"https:\/\/elektryk-reda.pl\/index.php\/nasi-klienci\/","title":{"rendered":"Nasi klienci"},"content":{"rendered":"<hr>\n<h1>Elektryk Reda &#8211; Instalatorstwo Elektryczne Andrzej Rosengart<\/h1>\n<p>&nbsp;<\/p>\n<p><strong>Agencja Restrukturyzacji i Modernizacji Rolnictwa<\/strong> &#8211; Kompleksowe przegl\u0105dy i pomiary<\/p>\n<p>instalacji &nbsp;elektrycznych w biurach wojew\u00f3dztwa pomorskiego<\/p>\n<p><strong>Artom S. C.<\/strong> &#8211; Instalacja elektryczna hali produkcyjnej z cz\u0119\u015bci\u0105 biurow\u0105<\/p>\n<p><strong>Baltic United Sp. K.<\/strong> &#8211; Instalacja elektryczna zak\u0142adu produkcyjnego<\/p>\n<p><strong>Dom Wypoczynkowy &#8222;Duna&#8221; Marian Struck<\/strong> &#8211; Kompleksowa obs\u0142uga elektryczna<\/p>\n<p><strong>Domki Latarnika Jastrz\u0119bia G\u00f3ra<\/strong> &#8211; Instalacja elektryczna zesp\u00f3\u0142&nbsp;15-tu budynk\u00f3w<\/p>\n<p>rekreacyjno-wypoczynkowych<\/p>\n<p><strong>D\u017awignia S. C.<\/strong> &#8211; Instalacja elektryczna sklepu og\u00f3lnobudowlanego<\/p>\n<p><strong>Enbio technology<\/strong> &#8211; Kompleksowa obs\u0142uga elektryczna<\/p>\n<p><strong>Enigma D\u0119bki<\/strong> &#8211; Instalacja elektryczna o\u015brodka wypoczynkowego<\/p>\n<p><strong>Gdy\u0144ski O\u015brodek Sportu i Rekreacji<\/strong>&nbsp;&#8211; Kompleksowe przegl\u0105dy i pomiary instalacji elektrycznych<\/p>\n<p><strong>Gniemix Gniewino<\/strong> &#8211; Kompleksowa obs\u0142uga elektryczna sklepu<\/p>\n<p><strong>Hotel Faltom Tomasz Falkowski<\/strong> &#8211; Kompleksowe obs\u0142uga elektryczna<\/p>\n<p><strong>JMB Sp. z o.o.<\/strong> &#8211; Instalacja elektryczna zespo\u0142u hal produkcyjno-magazynowych wraz z biurem<\/p>\n<p><strong>JMB Design Sp. z o.o.<\/strong> &#8211; Instalacja elektryczna og\u00f3lnopolskiej sieci sklep\u00f3w<\/p>\n<p><strong>Libor Jan Lica Sp. J.<\/strong> &#8211; Kompleksowa obs\u0142uga elektryczna produkcji<\/p>\n<p><strong>Max Rumia<\/strong> &#8211; Instalacja elektryczna sklepu spo\u017cywczo-przemys\u0142owego<\/p>\n<p><strong>Miejski O\u015brodek Pomocy Spo\u0142ecznej w Redzie<\/strong> &#8211; Kompleksowe przegl\u0105dy i pomiary instalacji elektrycznej<\/p>\n<p><strong>Niepubliczne Przedszkole przy Parku w Redzie<\/strong> &#8211; Kompleksowa obs\u0142uga elektryczna<\/p>\n<p><strong>Ogrody Tesoro<\/strong> &#8211; Kompleksowa obs\u0142uga elektryczna<\/p>\n<p><strong>Przedszkole Niepubliczne Akademia Pana Kleksa w Redzie<\/strong>&nbsp;&#8211;&nbsp; Kompleksowa obs\u0142uga<\/p>\n<p>elektryczna<\/p>\n<p><strong>Rombud<\/strong> &#8211; Instalacja elektryczna budynk\u00f3w mieszkalnych wielorodzinnych<\/p>\n<p><strong>Sierra Golf Resort<\/strong> &#8211; Kompleksowa obs\u0142uga elektryczna<\/p>\n<p><strong>Sierra Park<\/strong> &#8211; Kompleksowa obs\u0142uga elektryczna<\/p>\n<p><strong>Szko\u0142a Podstawowa nr 2 w Redzie<\/strong> &#8211; Kompleksowa obs\u0142uga elektryczna<\/p>\n<p><strong>TS Development<\/strong> &#8211; Kompleksowa obs\u0142uga elektryczna<\/p>\n<p><strong>TS Group<\/strong> &#8211; Kompleksowa obs\u0142uga elektryczna<\/p>\n<p><strong>TS Invest<\/strong> &#8211; Kompleksowa obs\u0142uga elektryczna<\/p>\n<p><strong>Uniwersytet Gda\u0144ski<\/strong> &#8211; Instalacja przeciwpo\u017carowa<\/p>\n<p><strong>Urz\u0105d Miasta Reda<\/strong> &#8211;&nbsp; Kompleksowa obs\u0142uga elektryczna<\/p>\n<p><strong>VTS Clima<\/strong> &#8211; Kompleksowa obs\u0142uga elektryczna<\/p>\n<p><strong>Zak\u0142ad Us\u0142ugowo-Produkcyjny SZREDER Waldemar Szreder<\/strong> &#8211; Instalacja elektryczna zak\u0142adu stolarskiego<\/p>\n<p><strong>Zarz\u0105d Komunikacji Miejskiej w Gdyni<\/strong>&nbsp;&#8211;&nbsp;Kompleksowe przegl\u0105dy i pomiary instalacji elektrycznej<\/p>\n<p><strong>Zdr\u00f3j Przedsi\u0119biorstwo Produkcyjno-Handlowo-Us\u0142ugowe El\u017cbieta Mocydlarz<\/strong> &#8211; Instalacja<\/p>\n<p>elektryczna sklepu i magazynu<\/p>\n<p><strong>Zesp\u00f3\u0142 Szk\u00f3\u0142 nr 1 w Redzie<\/strong> &#8211; kompleksowa obs\u0142uga elektryczna<\/p>\n<p><strong>Zesp\u00f3\u0142 Szk\u00f3\u0142 nr 2 w Redzie<\/strong> &#8211; Kompleksowa obs\u0142uga elektryczna<\/p>\n<p><strong>Zesp\u00f3\u0142 Szk\u00f3\u0142 Ponadgimnazjalnych w Redzie<\/strong> &#8211; Kompleksowa obs\u0142uga&nbsp;elektryczna<\/p>\n<p><strong>Zesp\u00f3\u0142 Szk\u00f3\u0142 Ponadgimnazjalnych nr 2 w Rumi<\/strong> &#8211; Kompleksowa obs\u0142uga&nbsp;elektryczna<\/p>\n<p>Zapoznaj si\u0119 z nasz\u0105 <a href=\"http:\/\/elektryk-reda.pl\/index.php\/oferta\">ofert\u0105<\/a> i skontaktuj si\u0119 <a href=\"http:\/\/elektryk-reda.pl\/index.php\/kontakt\">tutaj<\/a>&nbsp;lub pod adresem <a href=\"mailto:&quot;biuro@elektryk-reda.pl&quot;\">biuro@elektryk-reda.pl<\/a><\/p>\n<p style=\"text-align: left;\">Aktualne \u015bwiadectwa wzorcowania stosowanych miernik\u00f3w m. in. firmy <a href=\"http:\/\/www.sonel.pl\">Sonel<\/a><\/p>\n","protected":false},"excerpt":{"rendered":"<p>Elektryk Reda &#8211; Instalatorstwo Elektryczne Andrzej Rosengart &nbsp; Agencja Restrukturyzacji i Modernizacji Rolnictwa &#8211; Kompleksowe przegl\u0105dy i pomiary instalacji &nbsp;elektrycznych w biurach wojew\u00f3dztwa pomorskiego Artom S. C. &#8211; Instalacja elektryczna [&hellip;]<\/p>\n","protected":false},"author":1,"featured_media":0,"parent":0,"menu_order":0,"comment_status":"closed","ping_status":"closed","template":"page-templates\/page_fullwidth.php","meta":[],"yoast_head":"<!-- This site is optimized with the Yoast SEO plugin v20.10 - https:\/\/yoast.com\/wordpress\/plugins\/seo\/ -->\n<title>Instalacje Elektryczne Reda Andrzej Rosengart<\/title>\n<meta name=\"description\" content=\"Elektryk Reda, Instalacje elektryczne, Pomiary, \u015awiadectwa energetyczne budynk\u00f3w Reda, Rumia, Wejherowo, Gdynia\" \/>\n<meta name=\"robots\" content=\"index, follow, max-snippet:-1, max-image-preview:large, max-video-preview:-1\" \/>\n<link rel=\"canonical\" href=\"https:\/\/elektryk-reda.pl\/index.php\/nasi-klienci\/\" \/>\n<meta property=\"og:locale\" content=\"pl_PL\" \/>\n<meta property=\"og:type\" content=\"article\" \/>\n<meta property=\"og:title\" content=\"Instalacje Elektryczne Reda Andrzej Rosengart\" \/>\n<meta property=\"og:description\" content=\"Elektryk Reda, Instalacje elektryczne, Pomiary, \u015awiadectwa energetyczne budynk\u00f3w Reda, Rumia, Wejherowo, Gdynia\" \/>\n<meta property=\"og:url\" content=\"https:\/\/elektryk-reda.pl\/index.php\/nasi-klienci\/\" \/>\n<meta property=\"og:site_name\" content=\"Instalatorstwo Elektryczne Andrzej Rosengart\" \/>\n<meta property=\"article:modified_time\" content=\"2023-07-10T21:07:12+00:00\" \/>\n<meta name=\"twitter:card\" content=\"summary_large_image\" \/>\n<meta name=\"twitter:label1\" content=\"Szacowany czas czytania\" \/>\n\t<meta name=\"twitter:data1\" content=\"2 minuty\" \/>\n<script type=\"application\/ld+json\" class=\"yoast-schema-graph\">{\"@context\":\"https:\/\/schema.org\",\"@graph\":[{\"@type\":\"WebPage\",\"@id\":\"https:\/\/elektryk-reda.pl\/index.php\/nasi-klienci\/\",\"url\":\"https:\/\/elektryk-reda.pl\/index.php\/nasi-klienci\/\",\"name\":\"Instalacje Elektryczne Reda Andrzej Rosengart\",\"isPartOf\":{\"@id\":\"https:\/\/elektryk-reda.pl\/#website\"},\"datePublished\":\"2016-01-27T22:55:42+00:00\",\"dateModified\":\"2023-07-10T21:07:12+00:00\",\"description\":\"Elektryk Reda, Instalacje elektryczne, Pomiary, \u015awiadectwa energetyczne budynk\u00f3w Reda, Rumia, Wejherowo, Gdynia\",\"breadcrumb\":{\"@id\":\"https:\/\/elektryk-reda.pl\/index.php\/nasi-klienci\/#breadcrumb\"},\"inLanguage\":\"pl-PL\",\"potentialAction\":[{\"@type\":\"ReadAction\",\"target\":[\"https:\/\/elektryk-reda.pl\/index.php\/nasi-klienci\/\"]}]},{\"@type\":\"BreadcrumbList\",\"@id\":\"https:\/\/elektryk-reda.pl\/index.php\/nasi-klienci\/#breadcrumb\",\"itemListElement\":[{\"@type\":\"ListItem\",\"position\":1,\"name\":\"Strona g\u0142\u00f3wna\",\"item\":\"https:\/\/elektryk-reda.pl\/\"},{\"@type\":\"ListItem\",\"position\":2,\"name\":\"Nasi klienci\"}]},{\"@type\":\"WebSite\",\"@id\":\"https:\/\/elektryk-reda.pl\/#website\",\"url\":\"https:\/\/elektryk-reda.pl\/\",\"name\":\"Instalatorstwo Elektryczne Andrzej Rosengart\",\"description\":\"Instalacje elektryczne Pomiary Zabezpieczenia obiekt\u00f3w od 1995 r.\",\"potentialAction\":[{\"@type\":\"SearchAction\",\"target\":{\"@type\":\"EntryPoint\",\"urlTemplate\":\"https:\/\/elektryk-reda.pl\/?s={search_term_string}\"},\"query-input\":\"required name=search_term_string\"}],\"inLanguage\":\"pl-PL\"}]}<\/script>\n<!-- \/ Yoast SEO plugin. -->","yoast_head_json":{"title":"Instalacje Elektryczne Reda Andrzej Rosengart","description":"Elektryk Reda, Instalacje elektryczne, Pomiary, \u015awiadectwa energetyczne budynk\u00f3w Reda, Rumia, Wejherowo, Gdynia","robots":{"index":"index","follow":"follow","max-snippet":"max-snippet:-1","max-image-preview":"max-image-preview:large","max-video-preview":"max-video-preview:-1"},"canonical":"https:\/\/elektryk-reda.pl\/index.php\/nasi-klienci\/","og_locale":"pl_PL","og_type":"article","og_title":"Instalacje Elektryczne Reda Andrzej Rosengart","og_description":"Elektryk Reda, Instalacje elektryczne, Pomiary, \u015awiadectwa energetyczne budynk\u00f3w Reda, Rumia, Wejherowo, Gdynia","og_url":"https:\/\/elektryk-reda.pl\/index.php\/nasi-klienci\/","og_site_name":"Instalatorstwo Elektryczne Andrzej Rosengart","article_modified_time":"2023-07-10T21:07:12+00:00","twitter_card":"summary_large_image","twitter_misc":{"Szacowany czas czytania":"2 minuty"},"schema":{"@context":"https:\/\/schema.org","@graph":[{"@type":"WebPage","@id":"https:\/\/elektryk-reda.pl\/index.php\/nasi-klienci\/","url":"https:\/\/elektryk-reda.pl\/index.php\/nasi-klienci\/","name":"Instalacje Elektryczne Reda Andrzej Rosengart","isPartOf":{"@id":"https:\/\/elektryk-reda.pl\/#website"},"datePublished":"2016-01-27T22:55:42+00:00","dateModified":"2023-07-10T21:07:12+00:00","description":"Elektryk Reda, Instalacje elektryczne, Pomiary, \u015awiadectwa energetyczne budynk\u00f3w Reda, Rumia, Wejherowo, Gdynia","breadcrumb":{"@id":"https:\/\/elektryk-reda.pl\/index.php\/nasi-klienci\/#breadcrumb"},"inLanguage":"pl-PL","potentialAction":[{"@type":"ReadAction","target":["https:\/\/elektryk-reda.pl\/index.php\/nasi-klienci\/"]}]},{"@type":"BreadcrumbList","@id":"https:\/\/elektryk-reda.pl\/index.php\/nasi-klienci\/#breadcrumb","itemListElement":[{"@type":"ListItem","position":1,"name":"Strona g\u0142\u00f3wna","item":"https:\/\/elektryk-reda.pl\/"},{"@type":"ListItem","position":2,"name":"Nasi klienci"}]},{"@type":"WebSite","@id":"https:\/\/elektryk-reda.pl\/#website","url":"https:\/\/elektryk-reda.pl\/","name":"Instalatorstwo Elektryczne Andrzej Rosengart","description":"Instalacje elektryczne Pomiary Zabezpieczenia obiekt\u00f3w od 1995 r.","potentialAction":[{"@type":"SearchAction","target":{"@type":"EntryPoint","urlTemplate":"https:\/\/elektryk-reda.pl\/?s={search_term_string}"},"query-input":"required name=search_term_string"}],"inLanguage":"pl-PL"}]}},"_links":{"self":[{"href":"https:\/\/elektryk-reda.pl\/index.php\/wp-json\/wp\/v2\/pages\/66"}],"collection":[{"href":"https:\/\/elektryk-reda.pl\/index.php\/wp-json\/wp\/v2\/pages"}],"about":[{"href":"https:\/\/elektryk-reda.pl\/index.php\/wp-json\/wp\/v2\/types\/page"}],"author":[{"embeddable":true,"href":"https:\/\/elektryk-reda.pl\/index.php\/wp-json\/wp\/v2\/users\/1"}],"replies":[{"embeddable":true,"href":"https:\/\/elektryk-reda.pl\/index.php\/wp-json\/wp\/v2\/comments?post=66"}],"version-history":[{"count":16,"href":"https:\/\/elektryk-reda.pl\/index.php\/wp-json\/wp\/v2\/pages\/66\/revisions"}],"predecessor-version":[{"id":189,"href":"https:\/\/elektryk-reda.pl\/index.php\/wp-json\/wp\/v2\/pages\/66\/revisions\/189"}],"wp:attachment":[{"href":"https:\/\/elektryk-reda.pl\/index.php\/wp-json\/wp\/v2\/media?parent=66"}],"curies":[{"name":"wp","href":"https:\/\/api.w.org\/{rel}","templated":true}]}}