{"id":64,"date":"2016-01-27T22:54:54","date_gmt":"2016-01-27T22:54:54","guid":{"rendered":"http:\/\/elektryk-reda.pl\/?page_id=64"},"modified":"2023-07-10T21:05:11","modified_gmt":"2023-07-10T21:05:11","slug":"oferta","status":"publish","type":"page","link":"https:\/\/elektryk-reda.pl\/index.php\/oferta\/","title":{"rendered":"Oferta"},"content":{"rendered":"<hr \/>\n<h1>Elektryk Reda &#8211; Instalatorstwo Elektryczne Andrzej Rosengart<\/h1>\n<p><strong>Instalacje elektryczne:<\/strong><\/p>\n<p>&#8211; Instalacje o\u015bwietleniowe<br \/>\n&#8211; Instalacje gniazdowe 230V<br \/>\n&#8211; Instalacje gniazdowe 400V<br \/>\n&#8211; Instalacje alarmowe<br \/>\n&#8211; Instalacje domofonowe<br \/>\n&#8211; Instalacje wideodomofonowe<br \/>\n&#8211; Instalacje komputerowe<br \/>\n&#8211; Instalacje telewizyjne<\/p>\n<p><strong>Inteligentne instalacje elektryczne<\/strong><\/p>\n<p><b>\u015awiadectwa energetyczne budynk\u00f3w<\/b><\/p>\n<p><strong>Pomiary instalacji elektrycznych:<\/strong><\/p>\n<p>&#8211; Pomiary rezystancji izolacji<br \/>\n&#8211; Pomiary impedancji p\u0119tli zwarcia<br \/>\n&#8211; Pomiary pr\u0105du wyzwalania oraz czasu zadzia\u0142ania wy\u0142\u0105cznika r\u00f3\u017cnicowopr\u0105dowego<br \/>\n&#8211; Pomiary ci\u0105g\u0142o\u015bci po\u0142\u0105cze\u0144 wyr\u00f3wnawczych<br \/>\n&#8211; Pomiary rezystancji uziemienia<\/p>\n<p><strong>Odbiory instalacji elektrycznych<\/strong><\/p>\n<p><strong>Pomiary o\u015bwietlenia:<\/strong><\/p>\n<p>&#8211; Pomiary nat\u0119\u017cenia o\u015bwietlenia og\u00f3lnego<br \/>\n&#8211; Pomiary nat\u0119\u017cenia o\u015bwietlenia awaryjnego<\/p>\n<p><strong>Kompensacja mocy biernej<\/strong><\/p>\n<p><strong>Badania termowizyjne instalacji i urz\u0105dze\u0144 elektrycznych<\/strong><\/p>\n<p><strong>Badania reflektometryczne uszkodze\u0144 przewod\u00f3w elektrycznych i teletechnicznych<\/strong><\/p>\n<p><strong>Monta\u017c i konserwacja systemu alarmowego<\/strong><\/p>\n<p><strong>Monta\u017c i konserwacja systemu monitoringu, kamery IP<\/strong><\/p>\n<p><strong>Monta\u017c i konserwacja anten telewizji satelitarnej i naziemnej<\/strong><\/p>\n<p>Skontaktuj si\u0119 <a href=\"http:\/\/elektryk-reda.pl\/index.php\/kontakt\">tutaj<\/a>\u00a0lub pod adresem <a href=\"mailto:&quot;biuro@elektryk-reda.pl&quot;\">biuro@elektryk-reda.pl<\/a><\/p>\n<p style=\"text-align: left;\">Aktualne \u015bwiadectwa wzorcowania stosowanych miernik\u00f3w m. in. firmy <a href=\"http:\/\/www.sonel.pl\">Sonel<\/a><\/p>\n","protected":false},"excerpt":{"rendered":"<p>Elektryk Reda &#8211; Instalatorstwo Elektryczne Andrzej Rosengart Instalacje elektryczne: &#8211; Instalacje o\u015bwietleniowe &#8211; Instalacje gniazdowe 230V &#8211; Instalacje gniazdowe 400V &#8211; Instalacje alarmowe &#8211; Instalacje domofonowe &#8211; Instalacje wideodomofonowe &#8211; [&hellip;]<\/p>\n","protected":false},"author":1,"featured_media":0,"parent":0,"menu_order":0,"comment_status":"closed","ping_status":"closed","template":"page-templates\/page_fullwidth.php","meta":[],"yoast_head":"<!-- This site is optimized with the Yoast SEO plugin v20.10 - https:\/\/yoast.com\/wordpress\/plugins\/seo\/ -->\n<title>Instalatorstwo Elektryczne Andrzej Rosengart<\/title>\n<meta name=\"description\" content=\"Elektryk Reda, \u015awiadectwa energetyczne budynk\u00f3w, Instalacje elektryczne, Pomiary, Reda, Rumia, Wejherowo, Gdynia\" \/>\n<meta name=\"robots\" content=\"index, follow, max-snippet:-1, max-image-preview:large, max-video-preview:-1\" \/>\n<link rel=\"canonical\" href=\"https:\/\/elektryk-reda.pl\/index.php\/oferta\/\" \/>\n<meta property=\"og:locale\" content=\"pl_PL\" \/>\n<meta property=\"og:type\" content=\"article\" \/>\n<meta property=\"og:title\" content=\"Instalatorstwo Elektryczne Andrzej Rosengart\" \/>\n<meta property=\"og:description\" content=\"Elektryk Reda, \u015awiadectwa energetyczne budynk\u00f3w, Instalacje elektryczne, Pomiary, Reda, Rumia, Wejherowo, Gdynia\" \/>\n<meta property=\"og:url\" content=\"https:\/\/elektryk-reda.pl\/index.php\/oferta\/\" \/>\n<meta property=\"og:site_name\" content=\"Instalatorstwo Elektryczne Andrzej Rosengart\" \/>\n<meta property=\"article:modified_time\" content=\"2023-07-10T21:05:11+00:00\" \/>\n<meta name=\"twitter:card\" content=\"summary_large_image\" \/>\n<meta name=\"twitter:label1\" content=\"Szacowany czas czytania\" \/>\n\t<meta name=\"twitter:data1\" content=\"1 minuta\" \/>\n<script type=\"application\/ld+json\" class=\"yoast-schema-graph\">{\"@context\":\"https:\/\/schema.org\",\"@graph\":[{\"@type\":\"WebPage\",\"@id\":\"https:\/\/elektryk-reda.pl\/index.php\/oferta\/\",\"url\":\"https:\/\/elektryk-reda.pl\/index.php\/oferta\/\",\"name\":\"Instalatorstwo Elektryczne Andrzej Rosengart\",\"isPartOf\":{\"@id\":\"https:\/\/elektryk-reda.pl\/#website\"},\"datePublished\":\"2016-01-27T22:54:54+00:00\",\"dateModified\":\"2023-07-10T21:05:11+00:00\",\"description\":\"Elektryk Reda, \u015awiadectwa energetyczne budynk\u00f3w, Instalacje elektryczne, Pomiary, Reda, Rumia, Wejherowo, Gdynia\",\"breadcrumb\":{\"@id\":\"https:\/\/elektryk-reda.pl\/index.php\/oferta\/#breadcrumb\"},\"inLanguage\":\"pl-PL\",\"potentialAction\":[{\"@type\":\"ReadAction\",\"target\":[\"https:\/\/elektryk-reda.pl\/index.php\/oferta\/\"]}]},{\"@type\":\"BreadcrumbList\",\"@id\":\"https:\/\/elektryk-reda.pl\/index.php\/oferta\/#breadcrumb\",\"itemListElement\":[{\"@type\":\"ListItem\",\"position\":1,\"name\":\"Strona g\u0142\u00f3wna\",\"item\":\"https:\/\/elektryk-reda.pl\/\"},{\"@type\":\"ListItem\",\"position\":2,\"name\":\"Oferta\"}]},{\"@type\":\"WebSite\",\"@id\":\"https:\/\/elektryk-reda.pl\/#website\",\"url\":\"https:\/\/elektryk-reda.pl\/\",\"name\":\"Instalatorstwo Elektryczne Andrzej Rosengart\",\"description\":\"Instalacje elektryczne Pomiary Zabezpieczenia obiekt\u00f3w od 1995 r.\",\"potentialAction\":[{\"@type\":\"SearchAction\",\"target\":{\"@type\":\"EntryPoint\",\"urlTemplate\":\"https:\/\/elektryk-reda.pl\/?s={search_term_string}\"},\"query-input\":\"required name=search_term_string\"}],\"inLanguage\":\"pl-PL\"}]}<\/script>\n<!-- \/ Yoast SEO plugin. -->","yoast_head_json":{"title":"Instalatorstwo Elektryczne Andrzej Rosengart","description":"Elektryk Reda, \u015awiadectwa energetyczne budynk\u00f3w, Instalacje elektryczne, Pomiary, Reda, Rumia, Wejherowo, Gdynia","robots":{"index":"index","follow":"follow","max-snippet":"max-snippet:-1","max-image-preview":"max-image-preview:large","max-video-preview":"max-video-preview:-1"},"canonical":"https:\/\/elektryk-reda.pl\/index.php\/oferta\/","og_locale":"pl_PL","og_type":"article","og_title":"Instalatorstwo Elektryczne Andrzej Rosengart","og_description":"Elektryk Reda, \u015awiadectwa energetyczne budynk\u00f3w, Instalacje elektryczne, Pomiary, Reda, Rumia, Wejherowo, Gdynia","og_url":"https:\/\/elektryk-reda.pl\/index.php\/oferta\/","og_site_name":"Instalatorstwo Elektryczne Andrzej Rosengart","article_modified_time":"2023-07-10T21:05:11+00:00","twitter_card":"summary_large_image","twitter_misc":{"Szacowany czas czytania":"1 minuta"},"schema":{"@context":"https:\/\/schema.org","@graph":[{"@type":"WebPage","@id":"https:\/\/elektryk-reda.pl\/index.php\/oferta\/","url":"https:\/\/elektryk-reda.pl\/index.php\/oferta\/","name":"Instalatorstwo Elektryczne Andrzej Rosengart","isPartOf":{"@id":"https:\/\/elektryk-reda.pl\/#website"},"datePublished":"2016-01-27T22:54:54+00:00","dateModified":"2023-07-10T21:05:11+00:00","description":"Elektryk Reda, \u015awiadectwa energetyczne budynk\u00f3w, Instalacje elektryczne, Pomiary, Reda, Rumia, Wejherowo, Gdynia","breadcrumb":{"@id":"https:\/\/elektryk-reda.pl\/index.php\/oferta\/#breadcrumb"},"inLanguage":"pl-PL","potentialAction":[{"@type":"ReadAction","target":["https:\/\/elektryk-reda.pl\/index.php\/oferta\/"]}]},{"@type":"BreadcrumbList","@id":"https:\/\/elektryk-reda.pl\/index.php\/oferta\/#breadcrumb","itemListElement":[{"@type":"ListItem","position":1,"name":"Strona g\u0142\u00f3wna","item":"https:\/\/elektryk-reda.pl\/"},{"@type":"ListItem","position":2,"name":"Oferta"}]},{"@type":"WebSite","@id":"https:\/\/elektryk-reda.pl\/#website","url":"https:\/\/elektryk-reda.pl\/","name":"Instalatorstwo Elektryczne Andrzej Rosengart","description":"Instalacje elektryczne Pomiary Zabezpieczenia obiekt\u00f3w od 1995 r.","potentialAction":[{"@type":"SearchAction","target":{"@type":"EntryPoint","urlTemplate":"https:\/\/elektryk-reda.pl\/?s={search_term_string}"},"query-input":"required name=search_term_string"}],"inLanguage":"pl-PL"}]}},"_links":{"self":[{"href":"https:\/\/elektryk-reda.pl\/index.php\/wp-json\/wp\/v2\/pages\/64"}],"collection":[{"href":"https:\/\/elektryk-reda.pl\/index.php\/wp-json\/wp\/v2\/pages"}],"about":[{"href":"https:\/\/elektryk-reda.pl\/index.php\/wp-json\/wp\/v2\/types\/page"}],"author":[{"embeddable":true,"href":"https:\/\/elektryk-reda.pl\/index.php\/wp-json\/wp\/v2\/users\/1"}],"replies":[{"embeddable":true,"href":"https:\/\/elektryk-reda.pl\/index.php\/wp-json\/wp\/v2\/comments?post=64"}],"version-history":[{"count":19,"href":"https:\/\/elektryk-reda.pl\/index.php\/wp-json\/wp\/v2\/pages\/64\/revisions"}],"predecessor-version":[{"id":186,"href":"https:\/\/elektryk-reda.pl\/index.php\/wp-json\/wp\/v2\/pages\/64\/revisions\/186"}],"wp:attachment":[{"href":"https:\/\/elektryk-reda.pl\/index.php\/wp-json\/wp\/v2\/media?parent=64"}],"curies":[{"name":"wp","href":"https:\/\/api.w.org\/{rel}","templated":true}]}}